{"id":6445,"date":"2023-11-07T08:03:08","date_gmt":"2023-11-07T08:03:08","guid":{"rendered":"https:\/\/mexfasteners.com\/urunler\/altikose-fiberli-somun-din-985-iso-10511-ts-en-1026-9\/"},"modified":"2023-12-20T09:07:18","modified_gmt":"2023-12-20T09:07:18","slug":"altikose-fiberli-somun-din-985-iso-10511-ts-en-1026-9","status":"publish","type":"product","link":"https:\/\/mexfasteners.com\/tr\/urunler\/altikose-fiberli-somun-din-985-iso-10511-ts-en-1026-9\/","title":{"rendered":"Alt\u0131k\u00f6\u015fe Fiberli Somun \/ DIN 985 \/ ISO 10511 \/ TS EN 1026\/9"},"content":{"rendered":"<div class=\"daire\">\n<div class=\"daire\">\n<div class=\"daire\">\n<div class=\"daire\">\n<div class=\"daire\">\n<div class=\"daire\">\n<div class=\"daire\">\n<div>Alt\u0131k\u00f6\u015fe Fiberli Somun, Mex Vida taraf\u0131ndan uluslararas\u0131 kalite standartlar\u0131nda \u00fcretilmektedir.<\/div>\n<\/div>\n<\/div>\n<\/div>\n<\/div>\n<\/div>\n<\/div>\n<\/div>\n","protected":false},"excerpt":{"rendered":"<p>Alt\u0131k\u00f6\u015fe Fiberli Somun, Mex Vida taraf\u0131ndan uluslararas\u0131 kalite standartlar\u0131nda \u00fcretilmektedir.<\/p>\n","protected":false},"featured_media":5343,"comment_status":"closed","ping_status":"closed","template":"","meta":[],"product_brand":[],"product_cat":[109],"product_tag":[],"class_list":{"0":"post-6445","1":"product","2":"type-product","3":"status-publish","4":"has-post-thumbnail","6":"product_cat-altikose-fiberli-somun","8":"first","9":"instock","10":"shipping-taxable","11":"product-type-simple"},"_links":{"self":[{"href":"https:\/\/mexfasteners.com\/tr\/wp-json\/wp\/v2\/product\/6445","targetHints":{"allow":["GET"]}}],"collection":[{"href":"https:\/\/mexfasteners.com\/tr\/wp-json\/wp\/v2\/product"}],"about":[{"href":"https:\/\/mexfasteners.com\/tr\/wp-json\/wp\/v2\/types\/product"}],"replies":[{"embeddable":true,"href":"https:\/\/mexfasteners.com\/tr\/wp-json\/wp\/v2\/comments?post=6445"}],"wp:featuredmedia":[{"embeddable":true,"href":"https:\/\/mexfasteners.com\/tr\/wp-json\/wp\/v2\/media\/5343"}],"wp:attachment":[{"href":"https:\/\/mexfasteners.com\/tr\/wp-json\/wp\/v2\/media?parent=6445"}],"wp:term":[{"taxonomy":"product_brand","embeddable":true,"href":"https:\/\/mexfasteners.com\/tr\/wp-json\/wp\/v2\/product_brand?post=6445"},{"taxonomy":"product_cat","embeddable":true,"href":"https:\/\/mexfasteners.com\/tr\/wp-json\/wp\/v2\/product_cat?post=6445"},{"taxonomy":"product_tag","embeddable":true,"href":"https:\/\/mexfasteners.com\/tr\/wp-json\/wp\/v2\/product_tag?post=6445"}],"curies":[{"name":"wp","href":"https:\/\/api.w.org\/{rel}","templated":true}]}}