{"id":6438,"date":"2023-11-07T08:30:58","date_gmt":"2023-11-07T08:30:58","guid":{"rendered":"https:\/\/mexfasteners.com\/urunler\/agac-somunu-din-1624-en-10230-1\/"},"modified":"2023-12-20T09:03:39","modified_gmt":"2023-12-20T09:03:39","slug":"agac-somunu-din-1624-en-10230-1","status":"publish","type":"product","link":"https:\/\/mexfasteners.com\/tr\/urunler\/agac-somunu-din-1624-en-10230-1\/","title":{"rendered":"A\u011fa\u00e7 Somunu \/ DIN 1624 \/ EN 10230-1"},"content":{"rendered":"<div class=\"daire\">\n<div class=\"daire\">\n<div class=\"daire\">\n<div class=\"daire\">\n<div class=\"daire\">\n<div class=\"daire\">\n<div class=\"daire\">\n<div>A\u011fa\u00e7 Somunu, Mex Vida taraf\u0131ndan uluslararas\u0131 kalite standartlar\u0131nda \u00fcretilmektedir.<\/div>\n<\/div>\n<\/div>\n<\/div>\n<\/div>\n<\/div>\n<\/div>\n<\/div>\n","protected":false},"excerpt":{"rendered":"<p>A\u011fa\u00e7 Somunu, Mex Vida taraf\u0131ndan uluslararas\u0131 kalite standartlar\u0131nda \u00fcretilmektedir.<\/p>\n","protected":false},"featured_media":5371,"comment_status":"closed","ping_status":"closed","template":"","meta":[],"product_brand":[],"product_cat":[42],"product_tag":[],"class_list":{"0":"post-6438","1":"product","2":"type-product","3":"status-publish","4":"has-post-thumbnail","6":"product_cat-genel","8":"first","9":"instock","10":"shipping-taxable","11":"product-type-simple"},"_links":{"self":[{"href":"https:\/\/mexfasteners.com\/tr\/wp-json\/wp\/v2\/product\/6438","targetHints":{"allow":["GET"]}}],"collection":[{"href":"https:\/\/mexfasteners.com\/tr\/wp-json\/wp\/v2\/product"}],"about":[{"href":"https:\/\/mexfasteners.com\/tr\/wp-json\/wp\/v2\/types\/product"}],"replies":[{"embeddable":true,"href":"https:\/\/mexfasteners.com\/tr\/wp-json\/wp\/v2\/comments?post=6438"}],"wp:featuredmedia":[{"embeddable":true,"href":"https:\/\/mexfasteners.com\/tr\/wp-json\/wp\/v2\/media\/5371"}],"wp:attachment":[{"href":"https:\/\/mexfasteners.com\/tr\/wp-json\/wp\/v2\/media?parent=6438"}],"wp:term":[{"taxonomy":"product_brand","embeddable":true,"href":"https:\/\/mexfasteners.com\/tr\/wp-json\/wp\/v2\/product_brand?post=6438"},{"taxonomy":"product_cat","embeddable":true,"href":"https:\/\/mexfasteners.com\/tr\/wp-json\/wp\/v2\/product_cat?post=6438"},{"taxonomy":"product_tag","embeddable":true,"href":"https:\/\/mexfasteners.com\/tr\/wp-json\/wp\/v2\/product_tag?post=6438"}],"curies":[{"name":"wp","href":"https:\/\/api.w.org\/{rel}","templated":true}]}}