{"id":5323,"date":"2023-11-07T07:39:09","date_gmt":"2023-11-07T07:39:09","guid":{"rendered":"https:\/\/mexfasteners.com\/?post_type=product&#038;p=5323"},"modified":"2023-11-27T07:43:40","modified_gmt":"2023-11-27T07:43:40","slug":"gijon-din-975","status":"publish","type":"product","link":"https:\/\/mexfasteners.com\/tr\/urunler\/gijon-din-975\/","title":{"rendered":"Gijon \/ DIN 975"},"content":{"rendered":"<div class=\"daire\">\n<div class=\"daire\">\n<div class=\"daire\">\n<div class=\"daire\">\n<div class=\"daire\">\n<div class=\"daire\">\n<div class=\"daire\">\n<div><span class=\"yazilar\">\u00a0Gijon\/DIN 975 <\/span>, Mex Vida\u00a0taraf\u0131ndan\u00a0uluslararas\u0131 kalite standartlar\u0131nda \u00fcretilmektedir.<\/div>\n<\/div>\n<\/div>\n<\/div>\n<\/div>\n<\/div>\n<\/div>\n<\/div>\n","protected":false},"excerpt":{"rendered":"<p><span class=\"yazilar\">\u00a0Gijon\/DIN 975 <\/span>, Mex Vida\u00a0taraf\u0131ndan\u00a0uluslararas\u0131 kalite standartlar\u0131nda \u00fcretilmektedir.<\/p>\n","protected":false},"featured_media":5324,"comment_status":"closed","ping_status":"closed","template":"","meta":[],"product_brand":[],"product_cat":[45,103,43],"product_tag":[104],"class_list":{"0":"post-5323","1":"product","2":"type-product","3":"status-publish","4":"has-post-thumbnail","6":"product_cat-civata","7":"product_cat-gijon","8":"product_cat-standart-urunler","9":"product_tag-gijon-din-975","11":"first","12":"instock","13":"shipping-taxable","14":"product-type-simple"},"_links":{"self":[{"href":"https:\/\/mexfasteners.com\/tr\/wp-json\/wp\/v2\/product\/5323","targetHints":{"allow":["GET"]}}],"collection":[{"href":"https:\/\/mexfasteners.com\/tr\/wp-json\/wp\/v2\/product"}],"about":[{"href":"https:\/\/mexfasteners.com\/tr\/wp-json\/wp\/v2\/types\/product"}],"replies":[{"embeddable":true,"href":"https:\/\/mexfasteners.com\/tr\/wp-json\/wp\/v2\/comments?post=5323"}],"wp:featuredmedia":[{"embeddable":true,"href":"https:\/\/mexfasteners.com\/tr\/wp-json\/wp\/v2\/media\/5324"}],"wp:attachment":[{"href":"https:\/\/mexfasteners.com\/tr\/wp-json\/wp\/v2\/media?parent=5323"}],"wp:term":[{"taxonomy":"product_brand","embeddable":true,"href":"https:\/\/mexfasteners.com\/tr\/wp-json\/wp\/v2\/product_brand?post=5323"},{"taxonomy":"product_cat","embeddable":true,"href":"https:\/\/mexfasteners.com\/tr\/wp-json\/wp\/v2\/product_cat?post=5323"},{"taxonomy":"product_tag","embeddable":true,"href":"https:\/\/mexfasteners.com\/tr\/wp-json\/wp\/v2\/product_tag?post=5323"}],"curies":[{"name":"wp","href":"https:\/\/api.w.org\/{rel}","templated":true}]}}