{"id":5303,"date":"2023-11-07T07:24:08","date_gmt":"2023-11-07T07:24:08","guid":{"rendered":"https:\/\/mexfasteners.com\/?post_type=product&#038;p=5303"},"modified":"2023-11-27T07:29:13","modified_gmt":"2023-11-27T07:29:13","slug":"imbus-civata-din-912-iso-4762-ts-en-1020","status":"publish","type":"product","link":"https:\/\/mexfasteners.com\/tr\/urunler\/imbus-civata-din-912-iso-4762-ts-en-1020\/","title":{"rendered":"\u0130mbus Civata \/ DIN 912 \/ ISO 4762 \/ TS EN 1020"},"content":{"rendered":"<div class=\"daire\">\n<div class=\"daire\">\n<div class=\"daire\">\n<div class=\"daire\">\n<div class=\"daire\">\n<div class=\"daire\">\n<div>\u0130mbus Civata, Mex Vida\u00a0taraf\u0131ndan\u00a0uluslararas\u0131 kalite standartlar\u0131nda \u00fcretilmektedir.<\/div>\n<\/div>\n<\/div>\n<\/div>\n<\/div>\n<\/div>\n<\/div>\n","protected":false},"excerpt":{"rendered":"<p>\u0130mbus Civata, Mex Vida\u00a0taraf\u0131ndan\u00a0uluslararas\u0131 kalite standartlar\u0131nda \u00fcretilmektedir.<\/p>\n","protected":false},"featured_media":5304,"comment_status":"closed","ping_status":"closed","template":"","meta":[],"product_brand":[],"product_cat":[45,93,43],"product_tag":[94],"class_list":{"0":"post-5303","1":"product","2":"type-product","3":"status-publish","4":"has-post-thumbnail","6":"product_cat-civata","7":"product_cat-imbus-civata","8":"product_cat-standart-urunler","9":"product_tag-imbus-civata","11":"first","12":"instock","13":"shipping-taxable","14":"product-type-simple"},"_links":{"self":[{"href":"https:\/\/mexfasteners.com\/tr\/wp-json\/wp\/v2\/product\/5303","targetHints":{"allow":["GET"]}}],"collection":[{"href":"https:\/\/mexfasteners.com\/tr\/wp-json\/wp\/v2\/product"}],"about":[{"href":"https:\/\/mexfasteners.com\/tr\/wp-json\/wp\/v2\/types\/product"}],"replies":[{"embeddable":true,"href":"https:\/\/mexfasteners.com\/tr\/wp-json\/wp\/v2\/comments?post=5303"}],"wp:featuredmedia":[{"embeddable":true,"href":"https:\/\/mexfasteners.com\/tr\/wp-json\/wp\/v2\/media\/5304"}],"wp:attachment":[{"href":"https:\/\/mexfasteners.com\/tr\/wp-json\/wp\/v2\/media?parent=5303"}],"wp:term":[{"taxonomy":"product_brand","embeddable":true,"href":"https:\/\/mexfasteners.com\/tr\/wp-json\/wp\/v2\/product_brand?post=5303"},{"taxonomy":"product_cat","embeddable":true,"href":"https:\/\/mexfasteners.com\/tr\/wp-json\/wp\/v2\/product_cat?post=5303"},{"taxonomy":"product_tag","embeddable":true,"href":"https:\/\/mexfasteners.com\/tr\/wp-json\/wp\/v2\/product_tag?post=5303"}],"curies":[{"name":"wp","href":"https:\/\/api.w.org\/{rel}","templated":true}]}}