{"id":5295,"date":"2023-11-07T07:16:35","date_gmt":"2023-11-07T07:16:35","guid":{"rendered":"https:\/\/mexfasteners.com\/?post_type=product&#038;p=5295"},"modified":"2023-11-27T07:29:37","modified_gmt":"2023-11-27T07:29:37","slug":"altikose-basli-tam-dis-civata-din-933-iso-4017-ts-en-24017-2","status":"publish","type":"product","link":"https:\/\/mexfasteners.com\/tr\/urunler\/altikose-basli-tam-dis-civata-din-933-iso-4017-ts-en-24017-2\/","title":{"rendered":"Alt\u0131k\u00f6\u015fe Ba\u015fl\u0131 Tam Di\u015f Civata \/ DIN 933 \/ ISO 4017 \/ TS EN 24017"},"content":{"rendered":"<div class=\"daire\">\n<div class=\"daire\">\n<div class=\"daire\">\n<div class=\"daire\">\n<div class=\"daire\">\n<div class=\"daire\">\n<div>Alt\u0131k\u00f6\u015fe Ba\u015fl\u0131 Tam Di\u015f Civata, Mex Vida\u00a0taraf\u0131ndan\u00a0uluslararas\u0131 kalite standartlar\u0131nda \u00fcretilmektedir.<\/div>\n<\/div>\n<\/div>\n<\/div>\n<\/div>\n<\/div>\n<\/div>\n","protected":false},"excerpt":{"rendered":"<p>Alt\u0131k\u00f6\u015fe Ba\u015fl\u0131 Tam Di\u015f Civata, Mex Vida\u00a0taraf\u0131ndan\u00a0uluslararas\u0131 kalite standartlar\u0131nda \u00fcretilmektedir.<\/p>\n","protected":false},"featured_media":5296,"comment_status":"closed","ping_status":"closed","template":"","meta":[],"product_brand":[],"product_cat":[89,45,43],"product_tag":[90],"class_list":{"0":"post-5295","1":"product","2":"type-product","3":"status-publish","4":"has-post-thumbnail","6":"product_cat-altikose-basli-tam-dis-civata-civata","7":"product_cat-civata","8":"product_cat-standart-urunler","9":"product_tag-altikose-basli-tam-dis-civata","11":"first","12":"instock","13":"shipping-taxable","14":"product-type-simple"},"_links":{"self":[{"href":"https:\/\/mexfasteners.com\/tr\/wp-json\/wp\/v2\/product\/5295","targetHints":{"allow":["GET"]}}],"collection":[{"href":"https:\/\/mexfasteners.com\/tr\/wp-json\/wp\/v2\/product"}],"about":[{"href":"https:\/\/mexfasteners.com\/tr\/wp-json\/wp\/v2\/types\/product"}],"replies":[{"embeddable":true,"href":"https:\/\/mexfasteners.com\/tr\/wp-json\/wp\/v2\/comments?post=5295"}],"wp:featuredmedia":[{"embeddable":true,"href":"https:\/\/mexfasteners.com\/tr\/wp-json\/wp\/v2\/media\/5296"}],"wp:attachment":[{"href":"https:\/\/mexfasteners.com\/tr\/wp-json\/wp\/v2\/media?parent=5295"}],"wp:term":[{"taxonomy":"product_brand","embeddable":true,"href":"https:\/\/mexfasteners.com\/tr\/wp-json\/wp\/v2\/product_brand?post=5295"},{"taxonomy":"product_cat","embeddable":true,"href":"https:\/\/mexfasteners.com\/tr\/wp-json\/wp\/v2\/product_cat?post=5295"},{"taxonomy":"product_tag","embeddable":true,"href":"https:\/\/mexfasteners.com\/tr\/wp-json\/wp\/v2\/product_tag?post=5295"}],"curies":[{"name":"wp","href":"https:\/\/api.w.org\/{rel}","templated":true}]}}