{"id":5196,"date":"2023-11-07T05:05:52","date_gmt":"2023-11-07T05:05:52","guid":{"rendered":"https:\/\/mexfasteners.com\/?post_type=product&#038;p=5196"},"modified":"2023-11-27T07:22:25","modified_gmt":"2023-11-27T07:22:25","slug":"yhb-yildiz-havsa-basli-vidalar-din-965-iso-7046","status":"publish","type":"product","link":"https:\/\/mexfasteners.com\/tr\/urunler\/yhb-yildiz-havsa-basli-vidalar-din-965-iso-7046\/","title":{"rendered":"YHB Y\u0131ld\u0131z Hav\u015fa Ba\u015fl\u0131 Vidalar \/ DIN 965 \/ ISO 7046"},"content":{"rendered":"<p>YHB Y\u0131ld\u0131z Hav\u015fa Ba\u015fl\u0131 Vidalar, Mex Vida\u00a0taraf\u0131ndan\u00a0uluslararas\u0131\u00a0kalite standartlar\u0131nda \u00fcretilmektedir.<\/p>\n","protected":false},"excerpt":{"rendered":"<p>YHB Y\u0131ld\u0131z Hav\u015fa Ba\u015fl\u0131 Vidalar, Mex Vida\u00a0taraf\u0131ndan\u00a0uluslararas\u0131\u00a0kalite standartlar\u0131nda \u00fcretilmektedir.<\/p>\n","protected":false},"featured_media":5197,"comment_status":"closed","ping_status":"closed","template":"","meta":[],"product_brand":[],"product_cat":[43,44,54],"product_tag":[],"class_list":{"0":"post-5196","1":"product","2":"type-product","3":"status-publish","4":"has-post-thumbnail","6":"product_cat-standart-urunler","7":"product_cat-vida","8":"product_cat-yhb-yildiz-havsa-basli-vidalar","10":"first","11":"instock","12":"shipping-taxable","13":"product-type-simple"},"_links":{"self":[{"href":"https:\/\/mexfasteners.com\/tr\/wp-json\/wp\/v2\/product\/5196","targetHints":{"allow":["GET"]}}],"collection":[{"href":"https:\/\/mexfasteners.com\/tr\/wp-json\/wp\/v2\/product"}],"about":[{"href":"https:\/\/mexfasteners.com\/tr\/wp-json\/wp\/v2\/types\/product"}],"replies":[{"embeddable":true,"href":"https:\/\/mexfasteners.com\/tr\/wp-json\/wp\/v2\/comments?post=5196"}],"wp:featuredmedia":[{"embeddable":true,"href":"https:\/\/mexfasteners.com\/tr\/wp-json\/wp\/v2\/media\/5197"}],"wp:attachment":[{"href":"https:\/\/mexfasteners.com\/tr\/wp-json\/wp\/v2\/media?parent=5196"}],"wp:term":[{"taxonomy":"product_brand","embeddable":true,"href":"https:\/\/mexfasteners.com\/tr\/wp-json\/wp\/v2\/product_brand?post=5196"},{"taxonomy":"product_cat","embeddable":true,"href":"https:\/\/mexfasteners.com\/tr\/wp-json\/wp\/v2\/product_cat?post=5196"},{"taxonomy":"product_tag","embeddable":true,"href":"https:\/\/mexfasteners.com\/tr\/wp-json\/wp\/v2\/product_tag?post=5196"}],"curies":[{"name":"wp","href":"https:\/\/api.w.org\/{rel}","templated":true}]}}