{"id":1958,"date":"2020-05-07T08:35:38","date_gmt":"2020-05-07T08:35:38","guid":{"rendered":"http:\/\/localhost\/theratio\/?page_id=1958"},"modified":"2023-11-13T06:43:11","modified_gmt":"2023-11-13T06:43:11","slug":"hakkimizda","status":"publish","type":"page","link":"https:\/\/mexfasteners.com\/tr\/hakkimizda\/","title":{"rendered":"Hakk\u0131m\u0131zda"},"content":{"rendered":"\t\t<div data-elementor-type=\"wp-page\" data-elementor-id=\"1958\" class=\"elementor elementor-1958\">\n\t\t\t\t\t\t<section class=\"elementor-section elementor-top-section elementor-element elementor-element-bdd9939 elementor-section-content-middle elementor-section-boxed elementor-section-height-default elementor-section-height-default\" data-id=\"bdd9939\" data-element_type=\"section\">\n\t\t\t\t\t\t<div class=\"elementor-container elementor-column-gap-extended\">\n\t\t\t\t\t<div class=\"elementor-column elementor-col-50 elementor-top-column elementor-element elementor-element-12b070d ot-flex-column-vertical\" data-id=\"12b070d\" data-element_type=\"column\">\n\t\t\t<div class=\"elementor-widget-wrap elementor-element-populated\">\n\t\t\t\t\t\t<div class=\"elementor-element elementor-element-ea70568 elementor-widget elementor-widget-image\" data-id=\"ea70568\" data-element_type=\"widget\" data-widget_type=\"image.default\">\n\t\t\t\t<div class=\"elementor-widget-container\">\n\t\t\t\t\t\t\t\t\t\t\t\t\t\t\t<img fetchpriority=\"high\" decoding=\"async\" width=\"2000\" height=\"1328\" src=\"https:\/\/mexfasteners.com\/wp-content\/uploads\/bolts.jpg\" class=\"attachment-full size-full wp-image-5079\" alt=\"\" srcset=\"https:\/\/mexfasteners.com\/wp-content\/uploads\/bolts.jpg 2000w, https:\/\/mexfasteners.com\/wp-content\/uploads\/bolts-600x398.jpg 600w, https:\/\/mexfasteners.com\/wp-content\/uploads\/bolts-300x199.jpg 300w, https:\/\/mexfasteners.com\/wp-content\/uploads\/bolts-1024x680.jpg 1024w, https:\/\/mexfasteners.com\/wp-content\/uploads\/bolts-768x510.jpg 768w, https:\/\/mexfasteners.com\/wp-content\/uploads\/bolts-1536x1020.jpg 1536w\" sizes=\"(max-width: 2000px) 100vw, 2000px\" \/>\t\t\t\t\t\t\t\t\t\t\t\t\t\t\t<\/div>\n\t\t\t\t<\/div>\n\t\t\t\t\t<\/div>\n\t\t<\/div>\n\t\t\t\t<div class=\"elementor-column elementor-col-50 elementor-top-column elementor-element elementor-element-c955026 ot-flex-column-vertical\" data-id=\"c955026\" data-element_type=\"column\">\n\t\t\t<div class=\"elementor-widget-wrap elementor-element-populated\">\n\t\t\t\t\t\t<div class=\"elementor-element elementor-element-94474d6 elementor-widget elementor-widget-iheading\" data-id=\"94474d6\" data-element_type=\"widget\" data-widget_type=\"iheading.default\">\n\t\t\t\t<div class=\"elementor-widget-container\">\n\t\t\t\t\t\t\t<div class=\"ot-heading is-dots\">\r\n\t        \t            <span>[ \u015eirket Hakk\u0131nda ]<\/span>\r\n\t        \t    <\/div>\r\n\t    \t\t\t\t<\/div>\n\t\t\t\t<\/div>\n\t\t\t\t<div class=\"elementor-element elementor-element-4408703 elementor-widget__width-initial elementor-widget elementor-widget-text-editor\" data-id=\"4408703\" data-element_type=\"widget\" data-widget_type=\"text-editor.default\">\n\t\t\t\t<div class=\"elementor-widget-container\">\n\t\t\t\t\t\t\t\t\t<h6>Uzman ve dinamik ekibimizle ba\u011flant\u0131 elemanlar\u0131nda t\u00fcm ihtiya\u00e7lar\u0131n\u0131z i\u00e7in daima hizmetinizdeyiz.<\/h6>\t\t\t\t\t\t\t\t<\/div>\n\t\t\t\t<\/div>\n\t\t\t\t<div class=\"elementor-element elementor-element-e441d15 elementor-widget__width-initial elementor-widget elementor-widget-text-editor\" data-id=\"e441d15\" data-element_type=\"widget\" data-widget_type=\"text-editor.default\">\n\t\t\t\t<div class=\"elementor-widget-container\">\n\t\t\t\t\t\t\t\t\t<p>Mex Fasteners Ba\u011flant\u0131 Elemanlar\u0131 3 farkl\u0131 fabrikas\u0131nda d\u00fcnya kalitesinde \u00fcretim yapmaktad\u0131r. Ba\u011flant\u0131 elemanlar\u0131 grubunda vida, civata, somun ve d\u00fcbel \u00e7e\u015fitleri imalat\u0131 ile hizmetlerine devam etmektedir. Uzun y\u0131llar\u0131 a\u015fk\u0131n \u00fcretim tecr\u00fcbesi ve ihracat ba\u015far\u0131s\u0131 sayesinde \u00fcr\u00fcnlerimiz d\u00fcnyan\u0131n bir \u00e7ok \u00fclkesinde kullan\u0131lmaktad\u0131r. \u00dcr\u00fcnlerimizi yerli ve yabanc\u0131 tan\u0131nm\u0131\u015f markalar\u0131n modern ve geli\u015fmi\u015f fonksiyonlara sahip makine hatlar\u0131nda \u00fcretilmektedir. \u00dcretilen \u00fcr\u00fcnler uluslararas\u0131 standartlara tam uyumlu olup, yerli ve yabanc\u0131 m\u00fc\u015fteriler taraf\u0131ndan memnuniyetle kullan\u0131lmaktad\u0131r.<br><\/p>\t\t\t\t\t\t\t\t<\/div>\n\t\t\t\t<\/div>\n\t\t\t\t\t<\/div>\n\t\t<\/div>\n\t\t\t\t\t<\/div>\n\t\t<\/section>\n\t\t\t\t<section class=\"elementor-section elementor-top-section elementor-element elementor-element-9741424 elementor-section-content-middle elementor-section-boxed elementor-section-height-default elementor-section-height-default\" data-id=\"9741424\" data-element_type=\"section\">\n\t\t\t\t\t\t<div class=\"elementor-container elementor-column-gap-extended\">\n\t\t\t\t\t<div class=\"elementor-column elementor-col-50 elementor-top-column elementor-element elementor-element-806c6e8 ot-flex-column-vertical\" data-id=\"806c6e8\" data-element_type=\"column\">\n\t\t\t<div class=\"elementor-widget-wrap elementor-element-populated\">\n\t\t\t\t\t\t<div class=\"elementor-element elementor-element-789a9b5 elementor-widget elementor-widget-iheading\" data-id=\"789a9b5\" data-element_type=\"widget\" data-widget_type=\"iheading.default\">\n\t\t\t\t<div class=\"elementor-widget-container\">\n\t\t\t\t\t\t\t<div class=\"ot-heading is-dots\">\r\n\t        \t            <span>[ Mex Vida ]<\/span>\r\n\t        \t        <h2 class=\"main-heading\">\u015eirketimizin Vizyonu<\/h2>\r\n\t        \t    <\/div>\r\n\t    \t\t\t\t<\/div>\n\t\t\t\t<\/div>\n\t\t\t\t<div class=\"elementor-element elementor-element-c33c20d elementor-widget elementor-widget-text-editor\" data-id=\"c33c20d\" data-element_type=\"widget\" data-widget_type=\"text-editor.default\">\n\t\t\t\t<div class=\"elementor-widget-container\">\n\t\t\t\t\t\t\t\t\t<p>Mex Vida Ba\u011flant\u0131 Elemanlar\u0131 sekt\u00f6r\u00fcnde, T\u00fcrkiye ve \u00e7evre \u00fclkelere a\u00e7\u0131lma ve t\u00fcketici beklentilerinin her zaman \u00f6n\u00fcnde olma stratejisiyle d\u00fcr\u00fcst ticaret ve g\u00fcvenli hizmet sunarak t\u00fcketiciye en yak\u0131n olmak.<\/p>\t\t\t\t\t\t\t\t<\/div>\n\t\t\t\t<\/div>\n\t\t\t\t\t<\/div>\n\t\t<\/div>\n\t\t\t\t<div class=\"elementor-column elementor-col-50 elementor-top-column elementor-element elementor-element-660152a ot-flex-column-vertical\" data-id=\"660152a\" data-element_type=\"column\">\n\t\t\t<div class=\"elementor-widget-wrap elementor-element-populated\">\n\t\t\t\t\t\t<div class=\"elementor-element elementor-element-864552c elementor-widget elementor-widget-image\" data-id=\"864552c\" data-element_type=\"widget\" data-widget_type=\"image.default\">\n\t\t\t\t<div class=\"elementor-widget-container\">\n\t\t\t\t\t\t\t\t\t\t\t\t\t\t\t<img decoding=\"async\" src=\"https:\/\/mexfasteners.com\/wp-content\/uploads\/elementor\/thumbs\/screws_big_0-qf56mkk02fenfd97gnpnp74vnoioyl3qczdxywrxqg.jpg\" title=\"screws_big_0\" alt=\"screws_big_0\" loading=\"lazy\" \/>\t\t\t\t\t\t\t\t\t\t\t\t\t\t\t<\/div>\n\t\t\t\t<\/div>\n\t\t\t\t\t<\/div>\n\t\t<\/div>\n\t\t\t\t\t<\/div>\n\t\t<\/section>\n\t\t\t\t<section class=\"elementor-section elementor-top-section elementor-element elementor-element-4d068ce elementor-section-content-middle elementor-section-boxed elementor-section-height-default elementor-section-height-default\" data-id=\"4d068ce\" data-element_type=\"section\">\n\t\t\t\t\t\t<div class=\"elementor-container elementor-column-gap-extended\">\n\t\t\t\t\t<div class=\"elementor-column elementor-col-50 elementor-top-column elementor-element elementor-element-cacffe6 ot-flex-column-vertical\" data-id=\"cacffe6\" data-element_type=\"column\">\n\t\t\t<div class=\"elementor-widget-wrap elementor-element-populated\">\n\t\t\t\t\t\t<div class=\"elementor-element elementor-element-dbd55eb elementor-widget elementor-widget-iheading\" data-id=\"dbd55eb\" data-element_type=\"widget\" data-widget_type=\"iheading.default\">\n\t\t\t\t<div class=\"elementor-widget-container\">\n\t\t\t\t\t\t\t<div class=\"ot-heading is-dots\">\r\n\t        \t            <span>[ Mex Vida ]<\/span>\r\n\t        \t        <h2 class=\"main-heading\">\u015eirketimizin Misyonu<\/h2>\r\n\t        \t    <\/div>\r\n\t    \t\t\t\t<\/div>\n\t\t\t\t<\/div>\n\t\t\t\t<div class=\"elementor-element elementor-element-edf7e1f elementor-widget elementor-widget-text-editor\" data-id=\"edf7e1f\" data-element_type=\"widget\" data-widget_type=\"text-editor.default\">\n\t\t\t\t<div class=\"elementor-widget-container\">\n\t\t\t\t\t\t\t\t\t<p>Amac\u0131m\u0131z verimlili\u011fimiz, \u00e7evikli\u011fimiz ve g\u00fcvenilirli\u011fimizle m\u00fc\u015fterilerimize, \u00e7al\u0131\u015fanlar\u0131m\u0131za, topluma ve \u00e7evreye katt\u0131\u011f\u0131m\u0131z de\u011feri s\u00fcrekli ve \u00f6nemli \u00f6l\u00e7\u00fcde art\u0131rmakt\u0131r.<\/p>\t\t\t\t\t\t\t\t<\/div>\n\t\t\t\t<\/div>\n\t\t\t\t\t<\/div>\n\t\t<\/div>\n\t\t\t\t<div class=\"elementor-column elementor-col-50 elementor-top-column elementor-element elementor-element-5a71e4d ot-flex-column-vertical\" data-id=\"5a71e4d\" data-element_type=\"column\">\n\t\t\t<div class=\"elementor-widget-wrap elementor-element-populated\">\n\t\t\t\t\t\t<div class=\"elementor-element elementor-element-8f14567 elementor-widget elementor-widget-image\" data-id=\"8f14567\" data-element_type=\"widget\" data-widget_type=\"image.default\">\n\t\t\t\t<div class=\"elementor-widget-container\">\n\t\t\t\t\t\t\t\t\t\t\t\t\t\t\t<img decoding=\"async\" src=\"https:\/\/mexfasteners.com\/wp-content\/uploads\/elementor\/thumbs\/wp7352946-qet6f9ecilvuj40rwk7jf1ahl0dl3apzhjrlbcpx1k.webp\" title=\"wp7352946\" alt=\"wp7352946\" loading=\"lazy\" \/>\t\t\t\t\t\t\t\t\t\t\t\t\t\t\t<\/div>\n\t\t\t\t<\/div>\n\t\t\t\t\t<\/div>\n\t\t<\/div>\n\t\t\t\t\t<\/div>\n\t\t<\/section>\n\t\t\t\t<\/div>\n\t\t","protected":false},"excerpt":{"rendered":"<p>[ \u015eirket Hakk\u0131nda ] Uzman ve dinamik ekibimizle ba\u011flant\u0131 elemanlar\u0131nda t\u00fcm ihtiya\u00e7lar\u0131n\u0131z i\u00e7in daima hizmetinizdeyiz. Mex Fasteners Ba\u011flant\u0131 Elemanlar\u0131 3 farkl\u0131 fabrikas\u0131nda d\u00fcnya kalitesinde \u00fcretim yapmaktad\u0131r. Ba\u011flant\u0131 elemanlar\u0131 grubunda vida, civata, somun ve d\u00fcbel \u00e7e\u015fitleri imalat\u0131 ile hizmetlerine devam etmektedir. Uzun y\u0131llar\u0131 a\u015fk\u0131n \u00fcretim tecr\u00fcbesi ve ihracat ba\u015far\u0131s\u0131 sayesinde \u00fcr\u00fcnlerimiz d\u00fcnyan\u0131n bir \u00e7ok \u00fclkesinde kullan\u0131lmaktad\u0131r. [&hellip;]<\/p>\n","protected":false},"author":2,"featured_media":0,"parent":0,"menu_order":0,"comment_status":"closed","ping_status":"closed","template":"","meta":{"footnotes":""},"class_list":["post-1958","page","type-page","status-publish","hentry"],"_links":{"self":[{"href":"https:\/\/mexfasteners.com\/tr\/wp-json\/wp\/v2\/pages\/1958","targetHints":{"allow":["GET"]}}],"collection":[{"href":"https:\/\/mexfasteners.com\/tr\/wp-json\/wp\/v2\/pages"}],"about":[{"href":"https:\/\/mexfasteners.com\/tr\/wp-json\/wp\/v2\/types\/page"}],"author":[{"embeddable":true,"href":"https:\/\/mexfasteners.com\/tr\/wp-json\/wp\/v2\/users\/2"}],"replies":[{"embeddable":true,"href":"https:\/\/mexfasteners.com\/tr\/wp-json\/wp\/v2\/comments?post=1958"}],"version-history":[{"count":60,"href":"https:\/\/mexfasteners.com\/tr\/wp-json\/wp\/v2\/pages\/1958\/revisions"}],"predecessor-version":[{"id":5873,"href":"https:\/\/mexfasteners.com\/tr\/wp-json\/wp\/v2\/pages\/1958\/revisions\/5873"}],"wp:attachment":[{"href":"https:\/\/mexfasteners.com\/tr\/wp-json\/wp\/v2\/media?parent=1958"}],"curies":[{"name":"wp","href":"https:\/\/api.w.org\/{rel}","templated":true}]}}