{"id":6854,"date":"2023-11-08T06:22:53","date_gmt":"2023-11-08T06:22:53","guid":{"rendered":"https:\/\/mexfasteners.com\/urunler\/plastik-dubel\/"},"modified":"2023-11-08T06:22:53","modified_gmt":"2023-11-08T06:22:53","slug":"plastik-dubel","status":"publish","type":"product","link":"https:\/\/mexfasteners.com\/ru\/urunler\/plastik-dubel\/","title":{"rendered":"Plastik D\u00fcbel"},"content":{"rendered":"<div class=\"daire\">\n<div class=\"daire\">\n<div class=\"daire\">\n<div class=\"daire\">\n<div class=\"daire\">\n<div class=\"daire\">\n<div class=\"daire\">\n<div>Plastik D\u00fcbel, Mex Vida taraf\u0131ndan uluslararas\u0131 kalite standartlar\u0131nda \u00fcretilmektedir.<\/div>\n<\/div>\n<\/div>\n<\/div>\n<\/div>\n<\/div>\n<\/div>\n<\/div>\n","protected":false},"excerpt":{"rendered":"<p>Plastik D\u00fcbel, Mex Vida taraf\u0131ndan uluslararas\u0131 kalite standartlar\u0131nda \u00fcretilmektedir.<\/p>\n","protected":false},"featured_media":6855,"comment_status":"closed","ping_status":"closed","template":"","meta":[],"product_brand":[],"product_cat":[346,342,343,341],"product_tag":[347],"class_list":{"0":"post-6854","1":"product","2":"type-product","3":"status-publish","4":"has-post-thumbnail","6":"product_cat-plastik-dubel-ru","7":"product_cat-342","8":"product_cat-343","9":"product_cat-341","10":"product_tag-plastik-dubel-ru","12":"first","13":"instock","14":"shipping-taxable","15":"product-type-simple"},"_links":{"self":[{"href":"https:\/\/mexfasteners.com\/ru\/wp-json\/wp\/v2\/product\/6854","targetHints":{"allow":["GET"]}}],"collection":[{"href":"https:\/\/mexfasteners.com\/ru\/wp-json\/wp\/v2\/product"}],"about":[{"href":"https:\/\/mexfasteners.com\/ru\/wp-json\/wp\/v2\/types\/product"}],"replies":[{"embeddable":true,"href":"https:\/\/mexfasteners.com\/ru\/wp-json\/wp\/v2\/comments?post=6854"}],"wp:featuredmedia":[{"embeddable":true,"href":"https:\/\/mexfasteners.com\/ru\/wp-json\/wp\/v2\/media\/6855"}],"wp:attachment":[{"href":"https:\/\/mexfasteners.com\/ru\/wp-json\/wp\/v2\/media?parent=6854"}],"wp:term":[{"taxonomy":"product_brand","embeddable":true,"href":"https:\/\/mexfasteners.com\/ru\/wp-json\/wp\/v2\/product_brand?post=6854"},{"taxonomy":"product_cat","embeddable":true,"href":"https:\/\/mexfasteners.com\/ru\/wp-json\/wp\/v2\/product_cat?post=6854"},{"taxonomy":"product_tag","embeddable":true,"href":"https:\/\/mexfasteners.com\/ru\/wp-json\/wp\/v2\/product_tag?post=6854"}],"curies":[{"name":"wp","href":"https:\/\/api.w.org\/{rel}","templated":true}]}}